{"id":11279,"date":"2023-07-10T16:41:15","date_gmt":"2023-07-10T15:41:15","guid":{"rendered":"https:\/\/dev.nunchakuconnect.com\/tips-tricks\/"},"modified":"2023-07-10T16:41:16","modified_gmt":"2023-07-10T15:41:16","slug":"tips-tricks","status":"publish","type":"page","link":"https:\/\/nunchakuconnect.com\/en\/tips-tricks\/","title":{"rendered":"Tips &#038; Tricks"},"content":{"rendered":"\t\t<div data-elementor-type=\"wp-page\" data-elementor-id=\"11279\" class=\"elementor elementor-11279 elementor-2279\" data-elementor-post-type=\"page\">\n\t\t\t\t\t\t<section class=\"elementor-section elementor-top-section elementor-element elementor-element-389ebda elementor-section-boxed elementor-section-height-default elementor-section-height-default\" data-id=\"389ebda\" data-element_type=\"section\" data-e-type=\"section\" data-settings=\"{&quot;background_background&quot;:&quot;classic&quot;}\">\n\t\t\t\t\t\t<div class=\"elementor-container elementor-column-gap-no\">\n\t\t\t\t\t<div class=\"elementor-column elementor-col-100 elementor-top-column elementor-element elementor-element-05db654\" data-id=\"05db654\" data-element_type=\"column\" data-e-type=\"column\">\n\t\t\t<div class=\"elementor-widget-wrap elementor-element-populated\">\n\t\t\t\t\t\t<div class=\"elementor-element elementor-element-bb4add8 elementor-widget__width-inherit elementor-widget elementor-widget-heading\" data-id=\"bb4add8\" data-element_type=\"widget\" data-e-type=\"widget\" data-widget_type=\"heading.default\">\n\t\t\t\t<div class=\"elementor-widget-container\">\n\t\t\t\t\t<h1 class=\"elementor-heading-title elementor-size-default\">Tips &amp; Tricks<\/h1>\t\t\t\t<\/div>\n\t\t\t\t<\/div>\n\t\t\t\t<div class=\"elementor-element elementor-element-cbc41d1 elementor-widget__width-initial elementor-widget elementor-widget-text-editor\" data-id=\"cbc41d1\" data-element_type=\"widget\" data-e-type=\"widget\" data-widget_type=\"text-editor.default\">\n\t\t\t\t<div class=\"elementor-widget-container\">\n\t\t\t\t\t\t\t\t\t<p>Discover tips and tricks to improve your nunchaku skills, as well as our latest news.<\/p>\n\t\t\t\t\t\t\t\t<\/div>\n\t\t\t\t<\/div>\n\t\t\t\t\t<\/div>\n\t\t<\/div>\n\t\t\t\t\t<\/div>\n\t\t<\/section>\n\t\t\t\t<section class=\"elementor-section elementor-top-section elementor-element elementor-element-7a75e25 elementor-section-boxed elementor-section-height-default elementor-section-height-default\" data-id=\"7a75e25\" data-element_type=\"section\" data-e-type=\"section\">\n\t\t\t\t\t\t<div class=\"elementor-container elementor-column-gap-no\">\n\t\t\t\t\t<div class=\"elementor-column elementor-col-100 elementor-top-column elementor-element elementor-element-0d36ea0\" data-id=\"0d36ea0\" data-element_type=\"column\" data-e-type=\"column\">\n\t\t\t<div class=\"elementor-widget-wrap elementor-element-populated\">\n\t\t\t\t\t\t<div class=\"elementor-element elementor-element-e657920 elementor-grid-3 elementor-grid-tablet-2 elementor-grid-mobile-1 elementor-posts--thumbnail-top elementor-card-shadow-yes elementor-posts__hover-gradient elementor-widget elementor-widget-posts\" data-id=\"e657920\" data-element_type=\"widget\" data-e-type=\"widget\" data-settings=\"{&quot;cards_columns&quot;:&quot;3&quot;,&quot;cards_columns_tablet&quot;:&quot;2&quot;,&quot;cards_columns_mobile&quot;:&quot;1&quot;,&quot;cards_row_gap&quot;:{&quot;unit&quot;:&quot;px&quot;,&quot;size&quot;:35,&quot;sizes&quot;:[]},&quot;cards_row_gap_tablet&quot;:{&quot;unit&quot;:&quot;px&quot;,&quot;size&quot;:&quot;&quot;,&quot;sizes&quot;:[]},&quot;cards_row_gap_mobile&quot;:{&quot;unit&quot;:&quot;px&quot;,&quot;size&quot;:&quot;&quot;,&quot;sizes&quot;:[]}}\" data-widget_type=\"posts.cards\">\n\t\t\t\t<div class=\"elementor-widget-container\">\n\t\t\t\t\t\t\t<div class=\"elementor-posts-container elementor-posts elementor-posts--skin-cards elementor-grid\" role=\"list\">\n\t\t\t\t<article class=\"elementor-post elementor-grid-item post-14174 post type-post status-publish format-standard has-post-thumbnail hentry category-uncategorized pmpro-has-access\" role=\"listitem\">\n\t\t\t<div class=\"elementor-post__card\">\n\t\t\t\t<a class=\"elementor-post__thumbnail__link\" href=\"https:\/\/nunchakuconnect.com\/en\/%f0%9f%a5%8b-nunchaku-en-securite-conseils-incontournables-pour-eviter-les-blessures\/\" tabindex=\"-1\" ><div class=\"elementor-post__thumbnail\"><img fetchpriority=\"high\" decoding=\"async\" width=\"300\" height=\"193\" src=\"https:\/\/nunchakuconnect.com\/wp-content\/uploads\/2025\/04\/Capture-decran-2025-04-10-a-08.25.02-300x193.png\" class=\"attachment-medium size-medium wp-image-14175\" alt=\"\" srcset=\"https:\/\/nunchakuconnect.com\/wp-content\/uploads\/2025\/04\/Capture-decran-2025-04-10-a-08.25.02-300x193.png 300w, https:\/\/nunchakuconnect.com\/wp-content\/uploads\/2025\/04\/Capture-decran-2025-04-10-a-08.25.02-1024x658.png 1024w, https:\/\/nunchakuconnect.com\/wp-content\/uploads\/2025\/04\/Capture-decran-2025-04-10-a-08.25.02-768x493.png 768w, https:\/\/nunchakuconnect.com\/wp-content\/uploads\/2025\/04\/Capture-decran-2025-04-10-a-08.25.02-600x385.png 600w, https:\/\/nunchakuconnect.com\/wp-content\/uploads\/2025\/04\/Capture-decran-2025-04-10-a-08.25.02.png 1224w\" sizes=\"(max-width: 300px) 100vw, 300px\" \/><\/div><\/a>\n\t\t\t\t<div class=\"elementor-post__badge\">Uncategorized<\/div>\n\t\t\t\t<div class=\"elementor-post__text\">\n\t\t\t\t<h3 class=\"elementor-post__title\">\n\t\t\t<a href=\"https:\/\/nunchakuconnect.com\/en\/%f0%9f%a5%8b-nunchaku-en-securite-conseils-incontournables-pour-eviter-les-blessures\/\" >\n\t\t\t\t\ud83e\udd4b Nunchaku en S\u00e9curit\u00e9 : Conseils Incontournables pour \u00c9viter les Blessures\t\t\t<\/a>\n\t\t<\/h3>\n\t\t\t\t<div class=\"elementor-post__excerpt\">\n\t\t\t<p>Le nunchaku est une arme spectaculaire et passionnante \u00e0 manier, mais sa pratique n\u00e9cessite rigueur, prudence et un cadre s\u00e9curis\u00e9. Trop souvent, des pratiquants motiv\u00e9s<\/p>\n\t\t<\/div>\n\t\t\n\t\t<a class=\"elementor-post__read-more\" href=\"https:\/\/nunchakuconnect.com\/en\/%f0%9f%a5%8b-nunchaku-en-securite-conseils-incontournables-pour-eviter-les-blessures\/\" aria-label=\"Read more about \ud83e\udd4b Nunchaku en S\u00e9curit\u00e9 : Conseils Incontournables pour \u00c9viter les Blessures\" tabindex=\"-1\" >\n\t\t\tRead more \u00bb\t\t<\/a>\n\n\t\t\t\t<\/div>\n\t\t\t\t<div class=\"elementor-post__meta-data\">\n\t\t\t\t\t<span class=\"elementor-post-date\">\n\t\t\t2025\/04\/08\t\t<\/span>\n\t\t\t\t<span class=\"elementor-post-avatar\">\n\t\t\tNo Comments\t\t<\/span>\n\t\t\t\t<\/div>\n\t\t\t\t\t<\/div>\n\t\t<\/article>\n\t\t\t\t<article class=\"elementor-post elementor-grid-item post-14169 post type-post status-publish format-standard has-post-thumbnail hentry category-uncategorized pmpro-has-access\" role=\"listitem\">\n\t\t\t<div class=\"elementor-post__card\">\n\t\t\t\t<a class=\"elementor-post__thumbnail__link\" href=\"https:\/\/nunchakuconnect.com\/en\/%f0%9f%a5%8b-top-5-des-accessoires-indispensables-pour-sentrainer-avec-un-nunchaku\/\" tabindex=\"-1\" ><div class=\"elementor-post__thumbnail\"><img decoding=\"async\" width=\"300\" height=\"193\" src=\"https:\/\/nunchakuconnect.com\/wp-content\/uploads\/2025\/04\/Capture-decran-2025-04-10-a-08.22.58-300x193.png\" class=\"attachment-medium size-medium wp-image-14171\" alt=\"\" srcset=\"https:\/\/nunchakuconnect.com\/wp-content\/uploads\/2025\/04\/Capture-decran-2025-04-10-a-08.22.58-300x193.png 300w, https:\/\/nunchakuconnect.com\/wp-content\/uploads\/2025\/04\/Capture-decran-2025-04-10-a-08.22.58-1024x658.png 1024w, https:\/\/nunchakuconnect.com\/wp-content\/uploads\/2025\/04\/Capture-decran-2025-04-10-a-08.22.58-768x493.png 768w, https:\/\/nunchakuconnect.com\/wp-content\/uploads\/2025\/04\/Capture-decran-2025-04-10-a-08.22.58-600x385.png 600w, https:\/\/nunchakuconnect.com\/wp-content\/uploads\/2025\/04\/Capture-decran-2025-04-10-a-08.22.58.png 1224w\" sizes=\"(max-width: 300px) 100vw, 300px\" \/><\/div><\/a>\n\t\t\t\t<div class=\"elementor-post__badge\">Uncategorized<\/div>\n\t\t\t\t<div class=\"elementor-post__text\">\n\t\t\t\t<h3 class=\"elementor-post__title\">\n\t\t\t<a href=\"https:\/\/nunchakuconnect.com\/en\/%f0%9f%a5%8b-top-5-des-accessoires-indispensables-pour-sentrainer-avec-un-nunchaku\/\" >\n\t\t\t\t\ud83e\udd4b Top 5 des Accessoires Indispensables pour S\u2019entra\u00eener avec un Nunchaku\t\t\t<\/a>\n\t\t<\/h3>\n\t\t\t\t<div class=\"elementor-post__excerpt\">\n\t\t\t<p>Pratiquer le nunchaku, que ce soit en freestyle, en combat ou en d\u00e9monstration, n\u00e9cessite plus qu\u2019un simple bon nunchaku. Pour progresser en toute s\u00e9curit\u00e9, optimiser<\/p>\n\t\t<\/div>\n\t\t\n\t\t<a class=\"elementor-post__read-more\" href=\"https:\/\/nunchakuconnect.com\/en\/%f0%9f%a5%8b-top-5-des-accessoires-indispensables-pour-sentrainer-avec-un-nunchaku\/\" aria-label=\"Read more about \ud83e\udd4b Top 5 des Accessoires Indispensables pour S\u2019entra\u00eener avec un Nunchaku\" tabindex=\"-1\" >\n\t\t\tRead more \u00bb\t\t<\/a>\n\n\t\t\t\t<\/div>\n\t\t\t\t<div class=\"elementor-post__meta-data\">\n\t\t\t\t\t<span class=\"elementor-post-date\">\n\t\t\t2025\/04\/07\t\t<\/span>\n\t\t\t\t<span class=\"elementor-post-avatar\">\n\t\t\tNo Comments\t\t<\/span>\n\t\t\t\t<\/div>\n\t\t\t\t\t<\/div>\n\t\t<\/article>\n\t\t\t\t<article class=\"elementor-post elementor-grid-item post-14178 post type-post status-publish format-standard has-post-thumbnail hentry category-uncategorized pmpro-has-access\" role=\"listitem\">\n\t\t\t<div class=\"elementor-post__card\">\n\t\t\t\t<a class=\"elementor-post__thumbnail__link\" href=\"https:\/\/nunchakuconnect.com\/en\/%f0%9f%94%a5-les-meilleurs-nunchakus-pour-le-freestyle-comparatif-2025\/\" tabindex=\"-1\" ><div class=\"elementor-post__thumbnail\"><img decoding=\"async\" width=\"300\" height=\"146\" src=\"https:\/\/nunchakuconnect.com\/wp-content\/uploads\/2025\/04\/Capture-decran-2025-04-10-a-08.30.24-300x146.png\" class=\"attachment-medium size-medium wp-image-14179\" alt=\"\" srcset=\"https:\/\/nunchakuconnect.com\/wp-content\/uploads\/2025\/04\/Capture-decran-2025-04-10-a-08.30.24-300x146.png 300w, https:\/\/nunchakuconnect.com\/wp-content\/uploads\/2025\/04\/Capture-decran-2025-04-10-a-08.30.24-1024x499.png 1024w, https:\/\/nunchakuconnect.com\/wp-content\/uploads\/2025\/04\/Capture-decran-2025-04-10-a-08.30.24-768x374.png 768w, https:\/\/nunchakuconnect.com\/wp-content\/uploads\/2025\/04\/Capture-decran-2025-04-10-a-08.30.24-600x292.png 600w, https:\/\/nunchakuconnect.com\/wp-content\/uploads\/2025\/04\/Capture-decran-2025-04-10-a-08.30.24.png 1224w\" sizes=\"(max-width: 300px) 100vw, 300px\" \/><\/div><\/a>\n\t\t\t\t<div class=\"elementor-post__badge\">Uncategorized<\/div>\n\t\t\t\t<div class=\"elementor-post__text\">\n\t\t\t\t<h3 class=\"elementor-post__title\">\n\t\t\t<a href=\"https:\/\/nunchakuconnect.com\/en\/%f0%9f%94%a5-les-meilleurs-nunchakus-pour-le-freestyle-comparatif-2025\/\" >\n\t\t\t\t\ud83d\udd25 Les Meilleurs Nunchakus pour le Freestyle : Comparatif 2025\t\t\t<\/a>\n\t\t<\/h3>\n\t\t\t\t<div class=\"elementor-post__excerpt\">\n\t\t\t<p>La pratique du nunchaku freestyle est un subtil m\u00e9lange d\u2019agilit\u00e9, de rapidit\u00e9 et de cr\u00e9ativit\u00e9. Associant mouvements techniques, encha\u00eenements visuels et parfois jonglage sur fond<\/p>\n\t\t<\/div>\n\t\t\n\t\t<a class=\"elementor-post__read-more\" href=\"https:\/\/nunchakuconnect.com\/en\/%f0%9f%94%a5-les-meilleurs-nunchakus-pour-le-freestyle-comparatif-2025\/\" aria-label=\"Read more about \ud83d\udd25 Les Meilleurs Nunchakus pour le Freestyle : Comparatif 2025\" tabindex=\"-1\" >\n\t\t\tRead more \u00bb\t\t<\/a>\n\n\t\t\t\t<\/div>\n\t\t\t\t<div class=\"elementor-post__meta-data\">\n\t\t\t\t\t<span class=\"elementor-post-date\">\n\t\t\t2025\/04\/05\t\t<\/span>\n\t\t\t\t<span class=\"elementor-post-avatar\">\n\t\t\tNo Comments\t\t<\/span>\n\t\t\t\t<\/div>\n\t\t\t\t\t<\/div>\n\t\t<\/article>\n\t\t\t\t<article class=\"elementor-post elementor-grid-item post-14165 post type-post status-publish format-standard has-post-thumbnail hentry category-uncategorized pmpro-has-access\" role=\"listitem\">\n\t\t\t<div class=\"elementor-post__card\">\n\t\t\t\t<a class=\"elementor-post__thumbnail__link\" href=\"https:\/\/nunchakuconnect.com\/en\/%f0%9f%8c%8d-les-differents-styles-de-nunchakus-a-travers-le-monde\/\" tabindex=\"-1\" ><div class=\"elementor-post__thumbnail\"><img loading=\"lazy\" decoding=\"async\" width=\"300\" height=\"193\" src=\"https:\/\/nunchakuconnect.com\/wp-content\/uploads\/2025\/04\/Capture-decran-2025-04-10-a-08.19.36-300x193.png\" class=\"attachment-medium size-medium wp-image-14166\" alt=\"\" srcset=\"https:\/\/nunchakuconnect.com\/wp-content\/uploads\/2025\/04\/Capture-decran-2025-04-10-a-08.19.36-300x193.png 300w, https:\/\/nunchakuconnect.com\/wp-content\/uploads\/2025\/04\/Capture-decran-2025-04-10-a-08.19.36-1024x658.png 1024w, https:\/\/nunchakuconnect.com\/wp-content\/uploads\/2025\/04\/Capture-decran-2025-04-10-a-08.19.36-768x493.png 768w, https:\/\/nunchakuconnect.com\/wp-content\/uploads\/2025\/04\/Capture-decran-2025-04-10-a-08.19.36-600x385.png 600w, https:\/\/nunchakuconnect.com\/wp-content\/uploads\/2025\/04\/Capture-decran-2025-04-10-a-08.19.36.png 1224w\" sizes=\"(max-width: 300px) 100vw, 300px\" \/><\/div><\/a>\n\t\t\t\t<div class=\"elementor-post__badge\">Uncategorized<\/div>\n\t\t\t\t<div class=\"elementor-post__text\">\n\t\t\t\t<h3 class=\"elementor-post__title\">\n\t\t\t<a href=\"https:\/\/nunchakuconnect.com\/en\/%f0%9f%8c%8d-les-differents-styles-de-nunchakus-a-travers-le-monde\/\" >\n\t\t\t\t\ud83c\udf0d Les Diff\u00e9rents Styles de Nunchakus \u00e0 Travers le Monde\t\t\t<\/a>\n\t\t<\/h3>\n\t\t\t\t<div class=\"elementor-post__excerpt\">\n\t\t\t<p>Le nunchaku, embl\u00e9matique des arts martiaux asiatiques, s\u2019est diffus\u00e9 dans le monde entier. Si sa forme de base reste la m\u00eame \u2014 deux b\u00e2tons reli\u00e9s<\/p>\n\t\t<\/div>\n\t\t\n\t\t<a class=\"elementor-post__read-more\" href=\"https:\/\/nunchakuconnect.com\/en\/%f0%9f%8c%8d-les-differents-styles-de-nunchakus-a-travers-le-monde\/\" aria-label=\"Read more about \ud83c\udf0d Les Diff\u00e9rents Styles de Nunchakus \u00e0 Travers le Monde\" tabindex=\"-1\" >\n\t\t\tRead more \u00bb\t\t<\/a>\n\n\t\t\t\t<\/div>\n\t\t\t\t<div class=\"elementor-post__meta-data\">\n\t\t\t\t\t<span class=\"elementor-post-date\">\n\t\t\t2025\/04\/04\t\t<\/span>\n\t\t\t\t<span class=\"elementor-post-avatar\">\n\t\t\tNo Comments\t\t<\/span>\n\t\t\t\t<\/div>\n\t\t\t\t\t<\/div>\n\t\t<\/article>\n\t\t\t\t<article class=\"elementor-post elementor-grid-item post-14160 post type-post status-publish format-standard has-post-thumbnail hentry category-uncategorized pmpro-has-access\" role=\"listitem\">\n\t\t\t<div class=\"elementor-post__card\">\n\t\t\t\t<a class=\"elementor-post__thumbnail__link\" href=\"https:\/\/nunchakuconnect.com\/en\/%f0%9f%a5%8b-les-nunchakus-pour-debutants-premiers-pas-modeles-recommandes-et-erreurs-a-eviter\/\" tabindex=\"-1\" ><div class=\"elementor-post__thumbnail\"><img loading=\"lazy\" decoding=\"async\" width=\"300\" height=\"193\" src=\"https:\/\/nunchakuconnect.com\/wp-content\/uploads\/2025\/04\/Capture-decran-2025-04-10-a-08.18.31-300x193.png\" class=\"attachment-medium size-medium wp-image-14161\" alt=\"\" srcset=\"https:\/\/nunchakuconnect.com\/wp-content\/uploads\/2025\/04\/Capture-decran-2025-04-10-a-08.18.31-300x193.png 300w, https:\/\/nunchakuconnect.com\/wp-content\/uploads\/2025\/04\/Capture-decran-2025-04-10-a-08.18.31-1024x658.png 1024w, https:\/\/nunchakuconnect.com\/wp-content\/uploads\/2025\/04\/Capture-decran-2025-04-10-a-08.18.31-768x493.png 768w, https:\/\/nunchakuconnect.com\/wp-content\/uploads\/2025\/04\/Capture-decran-2025-04-10-a-08.18.31-600x385.png 600w, https:\/\/nunchakuconnect.com\/wp-content\/uploads\/2025\/04\/Capture-decran-2025-04-10-a-08.18.31.png 1224w\" sizes=\"(max-width: 300px) 100vw, 300px\" \/><\/div><\/a>\n\t\t\t\t<div class=\"elementor-post__badge\">Uncategorized<\/div>\n\t\t\t\t<div class=\"elementor-post__text\">\n\t\t\t\t<h3 class=\"elementor-post__title\">\n\t\t\t<a href=\"https:\/\/nunchakuconnect.com\/en\/%f0%9f%a5%8b-les-nunchakus-pour-debutants-premiers-pas-modeles-recommandes-et-erreurs-a-eviter\/\" >\n\t\t\t\t\ud83e\udd4b Les Nunchakus pour D\u00e9butants : Premiers Pas, Mod\u00e8les Recommand\u00e9s et Erreurs \u00e0 \u00c9viter\t\t\t<\/a>\n\t\t<\/h3>\n\t\t\t\t<div class=\"elementor-post__excerpt\">\n\t\t\t<p>Apprendre \u00e0 manier un nunchaku peut \u00eatre \u00e0 la fois passionnant et intimidant. Mais avec les bons conseils, du mat\u00e9riel adapt\u00e9 et quelques r\u00e8gles de<\/p>\n\t\t<\/div>\n\t\t\n\t\t<a class=\"elementor-post__read-more\" href=\"https:\/\/nunchakuconnect.com\/en\/%f0%9f%a5%8b-les-nunchakus-pour-debutants-premiers-pas-modeles-recommandes-et-erreurs-a-eviter\/\" aria-label=\"Read more about \ud83e\udd4b Les Nunchakus pour D\u00e9butants : Premiers Pas, Mod\u00e8les Recommand\u00e9s et Erreurs \u00e0 \u00c9viter\" tabindex=\"-1\" >\n\t\t\tRead more \u00bb\t\t<\/a>\n\n\t\t\t\t<\/div>\n\t\t\t\t<div class=\"elementor-post__meta-data\">\n\t\t\t\t\t<span class=\"elementor-post-date\">\n\t\t\t2025\/04\/04\t\t<\/span>\n\t\t\t\t<span class=\"elementor-post-avatar\">\n\t\t\tNo Comments\t\t<\/span>\n\t\t\t\t<\/div>\n\t\t\t\t\t<\/div>\n\t\t<\/article>\n\t\t\t\t<article class=\"elementor-post elementor-grid-item post-14156 post type-post status-publish format-standard has-post-thumbnail hentry category-uncategorized pmpro-has-access\" role=\"listitem\">\n\t\t\t<div class=\"elementor-post__card\">\n\t\t\t\t<a class=\"elementor-post__thumbnail__link\" href=\"https:\/\/nunchakuconnect.com\/en\/%f0%9f%a5%8b-guide-dachat-comment-choisir-le-nunchaku-ideal-selon-votre-niveau-et-vos-objectifs\/\" tabindex=\"-1\" ><div class=\"elementor-post__thumbnail\"><img loading=\"lazy\" decoding=\"async\" width=\"300\" height=\"142\" src=\"https:\/\/nunchakuconnect.com\/wp-content\/uploads\/2025\/04\/Capture-decran-2025-04-10-a-08.15.39-300x142.png\" class=\"attachment-medium size-medium wp-image-14157\" alt=\"\" srcset=\"https:\/\/nunchakuconnect.com\/wp-content\/uploads\/2025\/04\/Capture-decran-2025-04-10-a-08.15.39-300x142.png 300w, https:\/\/nunchakuconnect.com\/wp-content\/uploads\/2025\/04\/Capture-decran-2025-04-10-a-08.15.39-1024x485.png 1024w, https:\/\/nunchakuconnect.com\/wp-content\/uploads\/2025\/04\/Capture-decran-2025-04-10-a-08.15.39-768x364.png 768w, https:\/\/nunchakuconnect.com\/wp-content\/uploads\/2025\/04\/Capture-decran-2025-04-10-a-08.15.39-600x284.png 600w, https:\/\/nunchakuconnect.com\/wp-content\/uploads\/2025\/04\/Capture-decran-2025-04-10-a-08.15.39.png 1224w\" sizes=\"(max-width: 300px) 100vw, 300px\" \/><\/div><\/a>\n\t\t\t\t<div class=\"elementor-post__badge\">Uncategorized<\/div>\n\t\t\t\t<div class=\"elementor-post__text\">\n\t\t\t\t<h3 class=\"elementor-post__title\">\n\t\t\t<a href=\"https:\/\/nunchakuconnect.com\/en\/%f0%9f%a5%8b-guide-dachat-comment-choisir-le-nunchaku-ideal-selon-votre-niveau-et-vos-objectifs\/\" >\n\t\t\t\t\ud83e\udd4b Guide d\u2019Achat : Comment Choisir le Nunchaku Id\u00e9al Selon Votre Niveau et Vos Objectifs ?\t\t\t<\/a>\n\t\t<\/h3>\n\t\t\t\t<div class=\"elementor-post__excerpt\">\n\t\t\t<p>Le nunchaku, embl\u00e9matique des arts martiaux, est bien plus qu\u2019une simple arme : c\u2019est un outil d\u2019entra\u00eenement, de d\u00e9monstration et de self-d\u00e9fense. Que vous soyez<\/p>\n\t\t<\/div>\n\t\t\n\t\t<a class=\"elementor-post__read-more\" href=\"https:\/\/nunchakuconnect.com\/en\/%f0%9f%a5%8b-guide-dachat-comment-choisir-le-nunchaku-ideal-selon-votre-niveau-et-vos-objectifs\/\" aria-label=\"Read more about \ud83e\udd4b Guide d\u2019Achat : Comment Choisir le Nunchaku Id\u00e9al Selon Votre Niveau et Vos Objectifs ?\" tabindex=\"-1\" >\n\t\t\tRead more \u00bb\t\t<\/a>\n\n\t\t\t\t<\/div>\n\t\t\t\t<div class=\"elementor-post__meta-data\">\n\t\t\t\t\t<span class=\"elementor-post-date\">\n\t\t\t2025\/04\/01\t\t<\/span>\n\t\t\t\t<span class=\"elementor-post-avatar\">\n\t\t\tNo Comments\t\t<\/span>\n\t\t\t\t<\/div>\n\t\t\t\t\t<\/div>\n\t\t<\/article>\n\t\t\t\t<\/div>\n\t\t\n\t\t\t\t\t\t<\/div>\n\t\t\t\t<\/div>\n\t\t\t\t\t<\/div>\n\t\t<\/div>\n\t\t\t\t\t<\/div>\n\t\t<\/section>\n\t\t\t\t<section class=\"elementor-section elementor-top-section elementor-element elementor-element-22451a9 elementor-section-boxed elementor-section-height-default elementor-section-height-default\" data-id=\"22451a9\" data-element_type=\"section\" data-e-type=\"section\">\n\t\t\t\t\t\t<div class=\"elementor-container elementor-column-gap-default\">\n\t\t\t\t\t<div class=\"elementor-column elementor-col-100 elementor-top-column elementor-element elementor-element-bdeb116\" data-id=\"bdeb116\" data-element_type=\"column\" data-e-type=\"column\">\n\t\t\t<div class=\"elementor-widget-wrap\">\n\t\t\t\t\t\t\t<\/div>\n\t\t<\/div>\n\t\t\t\t\t<\/div>\n\t\t<\/section>\n\t\t\t\t<\/div>\n\t\t","protected":false},"excerpt":{"rendered":"<p>Tips &#038; Tricks Discover tips and tricks to improve your nunchaku skills, as well as our latest news.<\/p>\n","protected":false},"author":511,"featured_media":0,"parent":0,"menu_order":0,"comment_status":"closed","ping_status":"closed","template":"","meta":{"pmpro_default_level":"","footnotes":""},"class_list":["post-11279","page","type-page","status-publish","hentry","pmpro-has-access"],"_links":{"self":[{"href":"https:\/\/nunchakuconnect.com\/en\/wp-json\/wp\/v2\/pages\/11279","targetHints":{"allow":["GET"]}}],"collection":[{"href":"https:\/\/nunchakuconnect.com\/en\/wp-json\/wp\/v2\/pages"}],"about":[{"href":"https:\/\/nunchakuconnect.com\/en\/wp-json\/wp\/v2\/types\/page"}],"author":[{"embeddable":true,"href":"https:\/\/nunchakuconnect.com\/en\/wp-json\/wp\/v2\/users\/511"}],"replies":[{"embeddable":true,"href":"https:\/\/nunchakuconnect.com\/en\/wp-json\/wp\/v2\/comments?post=11279"}],"version-history":[{"count":1,"href":"https:\/\/nunchakuconnect.com\/en\/wp-json\/wp\/v2\/pages\/11279\/revisions"}],"predecessor-version":[{"id":11280,"href":"https:\/\/nunchakuconnect.com\/en\/wp-json\/wp\/v2\/pages\/11279\/revisions\/11280"}],"wp:attachment":[{"href":"https:\/\/nunchakuconnect.com\/en\/wp-json\/wp\/v2\/media?parent=11279"}],"curies":[{"name":"wp","href":"https:\/\/api.w.org\/{rel}","templated":true}]}}